{"id":19,"date":"2014-12-15T12:39:04","date_gmt":"2014-12-15T12:39:04","guid":{"rendered":"http:\/\/idoiacampoy.com\/?page_id=19"},"modified":"2025-10-22T19:21:33","modified_gmt":"2025-10-22T17:21:33","slug":"contacto","status":"publish","type":"page","link":"https:\/\/idoiacampoy.com\/en\/contacto\/","title":{"rendered":"Shall we start?"},"content":{"rendered":"\t\t<div data-elementor-type=\"wp-page\" data-elementor-id=\"19\" class=\"elementor elementor-19\" data-elementor-post-type=\"page\">\n\t\t\t\t<div class=\"elementor-element elementor-element-e9a9062 e-grid e-con-full e-con e-parent\" data-id=\"e9a9062\" data-element_type=\"container\" data-e-type=\"container\">\n\t\t<div class=\"elementor-element elementor-element-9007035 e-con-full e-flex e-con e-child\" data-id=\"9007035\" data-element_type=\"container\" data-e-type=\"container\">\n\t\t<div class=\"elementor-element elementor-element-eb82261 e-con-full e-flex e-con e-child\" data-id=\"eb82261\" data-element_type=\"container\" data-e-type=\"container\">\n\t\t\t\t<div class=\"elementor-element elementor-element-d170b28 elementor-widget elementor-widget-image\" data-id=\"d170b28\" data-element_type=\"widget\" data-e-type=\"widget\" data-widget_type=\"image.default\">\n\t\t\t\t\t\t\t\t\t\t\t\t\t\t\t<img fetchpriority=\"high\" decoding=\"async\" width=\"1020\" height=\"1030\" src=\"https:\/\/idoiacampoy.com\/wp-content\/uploads\/SESION-IDOIA-29-scaled-e1754078798614-1020x1030.jpg\" class=\"attachment-large size-large wp-image-1051\" alt=\"\" srcset=\"https:\/\/idoiacampoy.com\/wp-content\/uploads\/SESION-IDOIA-29-scaled-e1754078798614-1020x1030.jpg 1020w, https:\/\/idoiacampoy.com\/wp-content\/uploads\/SESION-IDOIA-29-scaled-e1754078798614-80x80.jpg 80w, https:\/\/idoiacampoy.com\/wp-content\/uploads\/SESION-IDOIA-29-scaled-e1754078798614-768x776.jpg 768w, https:\/\/idoiacampoy.com\/wp-content\/uploads\/SESION-IDOIA-29-scaled-e1754078798614-1521x1536.jpg 1521w, https:\/\/idoiacampoy.com\/wp-content\/uploads\/SESION-IDOIA-29-scaled-e1754078798614.jpg 1707w\" sizes=\"(max-width: 1020px) 100vw, 1020px\" \/>\t\t\t\t\t\t\t\t\t\t\t\t\t\t\t<\/div>\n\t\t\t\t<\/div>\n\t\t\t\t<\/div>\n\t\t<div class=\"elementor-element elementor-element-87ff364 e-con-full e-flex e-con e-child\" data-id=\"87ff364\" data-element_type=\"container\" data-e-type=\"container\">\n\t\t\t\t<div class=\"elementor-element elementor-element-54b28bc elementor-widget elementor-widget-heading\" data-id=\"54b28bc\" data-element_type=\"widget\" data-e-type=\"widget\" data-widget_type=\"heading.default\">\n\t\t\t\t\t<h2 class=\"elementor-heading-title elementor-size-default\">\u00bfEmpezamos?<\/h2>\t\t\t\t<\/div>\n\t\t\t\t<div class=\"elementor-element elementor-element-b7af092 elementor-widget elementor-widget-text-editor\" data-id=\"b7af092\" data-element_type=\"widget\" data-e-type=\"widget\" data-widget_type=\"text-editor.default\">\n\t\t\t\t\t\t\t\t\t<p>Has llegado hasta aqu\u00ed. Y s\u00e9 lo que significa. Es el momento en el que la curiosidad le gana la batalla a la duda. El punto en el que decides que quieres explorar si hay una forma mejor de hacer las cosas.<\/p><p>Quiero que sepas algo: este formulario no es para entrar en una lista de ventas ni para que te persiga un comercial. <strong class=\"ng-star-inserted\"><span class=\"ng-star-inserted\">Piensa en este mensaje como la primera ficha de domin\u00f3. La que lo pone todo en movimiento.<\/span><\/strong><\/p>\t\t\t\t\t\t\t\t<\/div>\n\t\t\t\t<div class=\"elementor-element elementor-element-779ca9f elementor-blockquote--skin-border elementor-widget elementor-widget-blockquote\" data-id=\"779ca9f\" data-element_type=\"widget\" data-e-type=\"widget\" data-widget_type=\"blockquote.default\">\n\t\t\t\t\t\t\t<blockquote class=\"elementor-blockquote\">\n\t\t\t<p class=\"elementor-blockquote__content\">\n\t\t\t\tEs el inicio de una conversaci\u00f3n real, sin guiones y sin presi\u00f3n.\t\t\t<\/p>\n\t\t\t\t\t<\/blockquote>\n\t\t\t\t\t\t<\/div>\n\t\t\t\t<div class=\"elementor-element elementor-element-e3d3c71 elementor-widget elementor-widget-text-editor\" data-id=\"e3d3c71\" data-element_type=\"widget\" data-e-type=\"widget\" data-widget_type=\"text-editor.default\">\n\t\t\t\t\t\t\t\t\t<p>Cu\u00e9ntame tu reto, la idea que te quita el sue\u00f1o o la encrucijada en la que te encuentras. Sea lo que sea, este es un espacio seguro para compartirlo. Te prometo una cosa: cero rodeos y una respuesta honesta y personal.<\/p><p><strong>Estoy al otro lado.<\/strong><\/p>\t\t\t\t\t\t\t\t<\/div>\n\t\t\t\t<div class=\"elementor-element elementor-element-3d553c6 elementor-button-align-stretch elementor-widget elementor-widget-form\" data-id=\"3d553c6\" data-element_type=\"widget\" data-e-type=\"widget\" data-settings=\"{&quot;step_next_label&quot;:&quot;Next&quot;,&quot;step_previous_label&quot;:&quot;Previous&quot;,&quot;button_width&quot;:&quot;100&quot;,&quot;step_type&quot;:&quot;number_text&quot;,&quot;step_icon_shape&quot;:&quot;circle&quot;}\" data-widget_type=\"form.default\">\n\t\t\t\t\t\t\t<form class=\"elementor-form\" method=\"post\" name=\"New Form\" aria-label=\"New Form\">\n\t\t\t<input type=\"hidden\" name=\"post_id\" value=\"19\"\/>\n\t\t\t<input type=\"hidden\" name=\"form_id\" value=\"3d553c6\"\/>\n\t\t\t<input type=\"hidden\" name=\"referer_title\" value=\"\u00bfEmpezamos? | Idoia Campoy\" \/>\n\n\t\t\t\t\t\t\t<input type=\"hidden\" name=\"queried_id\" value=\"19\"\/>\n\t\t\t\n\t\t\t<div class=\"elementor-form-fields-wrapper elementor-labels-above\">\n\t\t\t\t\t\t\t\t<div class=\"elementor-field-type-text elementor-field-group elementor-column elementor-field-group-name elementor-col-100\">\n\t\t\t\t\t\t\t\t\t\t\t\t\t<input size=\"1\" type=\"text\" name=\"form_fields[name]\" id=\"form-field-name\" class=\"elementor-field elementor-size-sm  elementor-field-textual\" placeholder=\"Nombre\">\n\t\t\t\t\t\t\t\t\t\t\t<\/div>\n\t\t\t\t\t\t\t\t<div class=\"elementor-field-type-email elementor-field-group elementor-column elementor-field-group-email elementor-col-100 elementor-field-required\">\n\t\t\t\t\t\t\t\t\t\t\t\t\t<input size=\"1\" type=\"email\" name=\"form_fields[email]\" id=\"form-field-email\" class=\"elementor-field elementor-size-sm  elementor-field-textual\" placeholder=\"Email\" required=\"required\">\n\t\t\t\t\t\t\t\t\t\t\t<\/div>\n\t\t\t\t\t\t\t\t<div class=\"elementor-field-type-textarea elementor-field-group elementor-column elementor-field-group-message elementor-col-100\">\n\t\t\t\t\t<textarea class=\"elementor-field-textual elementor-field  elementor-size-sm\" name=\"form_fields[message]\" id=\"form-field-message\" rows=\"2\" placeholder=\"Mensaje\"><\/textarea>\t\t\t\t<\/div>\n\t\t\t\t\t\t\t\t<div class=\"elementor-field-type-acceptance elementor-field-group elementor-column elementor-field-group-field_cec3ef8 elementor-col-100\">\n\t\t\t\t\t\t\t<div class=\"elementor-field-subgroup\">\n\t\t\t<span class=\"elementor-field-option\">\n\t\t\t\t<input type=\"checkbox\" name=\"form_fields[field_cec3ef8]\" id=\"form-field-field_cec3ef8\" class=\"elementor-field elementor-size-sm  elementor-acceptance-field\">\n\t\t\t\t<label for=\"form-field-field_cec3ef8\">He le\u00eddo y acepto la <a href=\"https:\/\/idoiacampoy.com\/politica-datos\/\" target=\"_blank\">pol\u00edtica de protecci\u00f3n de datos<\/a>\n<\/label>\t\t\t<\/span>\n\t\t<\/div>\n\t\t\t\t\t\t<\/div>\n\t\t\t\t\t\t\t\t<div class=\"elementor-field-group elementor-column elementor-field-type-submit elementor-col-100 e-form__buttons\">\n\t\t\t\t\t<button class=\"elementor-button elementor-size-sm\" type=\"submit\">\n\t\t\t\t\t\t<span class=\"elementor-button-content-wrapper\">\n\t\t\t\t\t\t\t\t\t\t\t\t\t\t\t\t\t\t\t\t\t\t<span class=\"elementor-button-text\">Enviar<\/span>\n\t\t\t\t\t\t\t\t\t\t\t\t\t<\/span>\n\t\t\t\t\t<\/button>\n\t\t\t\t<\/div>\n\t\t\t<\/div>\n\t\t<\/form>\n\t\t\t\t\t\t<\/div>\n\t\t\t\t<\/div>\n\t\t\t\t<\/div>\n\t\t\t\t<\/div>\n\t\t","protected":false},"excerpt":{"rendered":"<p>\u00bfEmpezamos? Has llegado hasta aqu\u00ed. Y s\u00e9 lo que significa. Es el momento en el que la curiosidad le gana [&hellip;]<\/p>\n","protected":false},"author":1,"featured_media":1032,"parent":0,"menu_order":3,"comment_status":"closed","ping_status":"closed","template":"","meta":{"site-sidebar-layout":"no-sidebar","site-content-layout":"","ast-site-content-layout":"full-width-container","site-content-style":"default","site-sidebar-style":"default","ast-global-header-display":"","ast-banner-title-visibility":"","ast-main-header-display":"","ast-hfb-above-header-display":"","ast-hfb-below-header-display":"","ast-hfb-mobile-header-display":"","site-post-title":"disabled","ast-breadcrumbs-content":"","ast-featured-img":"disabled","footer-sml-layout":"","ast-disable-related-posts":"","theme-transparent-header-meta":"default","adv-header-id-meta":"","stick-header-meta":"","header-above-stick-meta":"","header-main-stick-meta":"","header-below-stick-meta":"","astra-migrate-meta-layouts":"set","ast-page-background-enabled":"default","ast-page-background-meta":{"desktop":{"background-color":"var(--ast-global-color-5)","background-image":"","background-repeat":"repeat","background-position":"center center","background-size":"auto","background-attachment":"scroll","background-type":"","background-media":"","overlay-type":"","overlay-color":"","overlay-opacity":"","overlay-gradient":""},"tablet":{"background-color":"","background-image":"","background-repeat":"repeat","background-position":"center center","background-size":"auto","background-attachment":"scroll","background-type":"","background-media":"","overlay-type":"","overlay-color":"","overlay-opacity":"","overlay-gradient":""},"mobile":{"background-color":"","background-image":"","background-repeat":"repeat","background-position":"center center","background-size":"auto","background-attachment":"scroll","background-type":"","background-media":"","overlay-type":"","overlay-color":"","overlay-opacity":"","overlay-gradient":""}},"ast-content-background-meta":{"desktop":{"background-color":"var(--ast-global-color-4)","background-image":"","background-repeat":"repeat","background-position":"center center","background-size":"auto","background-attachment":"scroll","background-type":"","background-media":"","overlay-type":"","overlay-color":"","overlay-opacity":"","overlay-gradient":""},"tablet":{"background-color":"var(--ast-global-color-4)","background-image":"","background-repeat":"repeat","background-position":"center center","background-size":"auto","background-attachment":"scroll","background-type":"","background-media":"","overlay-type":"","overlay-color":"","overlay-opacity":"","overlay-gradient":""},"mobile":{"background-color":"var(--ast-global-color-4)","background-image":"","background-repeat":"repeat","background-position":"center center","background-size":"auto","background-attachment":"scroll","background-type":"","background-media":"","overlay-type":"","overlay-color":"","overlay-opacity":"","overlay-gradient":""}},"footnotes":""},"class_list":["post-19","page","type-page","status-publish","has-post-thumbnail","hentry"],"yoast_head":"<!-- This site is optimized with the Yoast SEO plugin v27.2 - https:\/\/yoast.com\/product\/yoast-seo-wordpress\/ -->\n<title>\u00bfEmpezamos? | Idoia Campoy<\/title>\n<meta name=\"description\" content=\"Puedes contactar conmigo a trav\u00e9s del correo electr\u00f3nico info@idoiacampoy.com. Estar\u00e9 encantada de responder a todas tus consultas.\" \/>\n<meta name=\"robots\" content=\"index, follow, max-snippet:-1, max-image-preview:large, max-video-preview:-1\" \/>\n<link rel=\"canonical\" href=\"https:\/\/idoiacampoy.com\/en\/contacto\/\" \/>\n<meta name=\"twitter:label1\" content=\"Estimated reading time\" \/>\n\t<meta name=\"twitter:data1\" content=\"1 minute\" \/>\n<script type=\"application\/ld+json\" class=\"yoast-schema-graph\">{\"@context\":\"https:\/\/schema.org\",\"@graph\":[{\"@type\":\"WebPage\",\"@id\":\"https:\/\/idoiacampoy.com\/contacto\/\",\"url\":\"https:\/\/idoiacampoy.com\/contacto\/\",\"name\":\"\u00bfEmpezamos? | Idoia Campoy\",\"isPartOf\":{\"@id\":\"https:\/\/lavender-goshawk-452515.hostingersite.com\/#website\"},\"primaryImageOfPage\":{\"@id\":\"https:\/\/idoiacampoy.com\/contacto\/#primaryimage\"},\"image\":{\"@id\":\"https:\/\/idoiacampoy.com\/contacto\/#primaryimage\"},\"thumbnailUrl\":\"https:\/\/idoiacampoy.com\/wp-content\/uploads\/cropped-141120-IC-FINAL-Idoia-Campoy.png\",\"datePublished\":\"2014-12-15T12:39:04+00:00\",\"dateModified\":\"2025-10-22T17:21:33+00:00\",\"description\":\"Puedes contactar conmigo a trav\u00e9s del correo electr\u00f3nico info@idoiacampoy.com. Estar\u00e9 encantada de responder a todas tus consultas.\",\"inLanguage\":\"en-GB\",\"potentialAction\":[{\"@type\":\"ReadAction\",\"target\":[\"https:\/\/idoiacampoy.com\/contacto\/\"]}]},{\"@type\":\"ImageObject\",\"inLanguage\":\"en-GB\",\"@id\":\"https:\/\/idoiacampoy.com\/contacto\/#primaryimage\",\"url\":\"https:\/\/idoiacampoy.com\/wp-content\/uploads\/cropped-141120-IC-FINAL-Idoia-Campoy.png\",\"contentUrl\":\"https:\/\/idoiacampoy.com\/wp-content\/uploads\/cropped-141120-IC-FINAL-Idoia-Campoy.png\",\"width\":512,\"height\":512},{\"@type\":\"WebSite\",\"@id\":\"https:\/\/lavender-goshawk-452515.hostingersite.com\/#website\",\"url\":\"https:\/\/lavender-goshawk-452515.hostingersite.com\/\",\"name\":\"Idoia Campoy\",\"description\":\"International Business Trainer and Coach\",\"publisher\":{\"@id\":\"https:\/\/lavender-goshawk-452515.hostingersite.com\/#organization\"},\"potentialAction\":[{\"@type\":\"SearchAction\",\"target\":{\"@type\":\"EntryPoint\",\"urlTemplate\":\"https:\/\/lavender-goshawk-452515.hostingersite.com\/?s={search_term_string}\"},\"query-input\":{\"@type\":\"PropertyValueSpecification\",\"valueRequired\":true,\"valueName\":\"search_term_string\"}}],\"inLanguage\":\"en-GB\"},{\"@type\":\"Organization\",\"@id\":\"https:\/\/lavender-goshawk-452515.hostingersite.com\/#organization\",\"name\":\"Idoia Campoy\",\"url\":\"https:\/\/lavender-goshawk-452515.hostingersite.com\/\",\"logo\":{\"@type\":\"ImageObject\",\"inLanguage\":\"en-GB\",\"@id\":\"https:\/\/lavender-goshawk-452515.hostingersite.com\/#\/schema\/logo\/image\/\",\"url\":\"https:\/\/idoiacampoy.com\/wp-content\/uploads\/141120-IC-FINAL-Idoia-Campoy-e1754040002653.png\",\"contentUrl\":\"https:\/\/idoiacampoy.com\/wp-content\/uploads\/141120-IC-FINAL-Idoia-Campoy-e1754040002653.png\",\"width\":347,\"height\":297,\"caption\":\"Idoia Campoy\"},\"image\":{\"@id\":\"https:\/\/lavender-goshawk-452515.hostingersite.com\/#\/schema\/logo\/image\/\"}}]}<\/script>\n<!-- \/ Yoast SEO plugin. -->","yoast_head_json":{"title":"\u00bfEmpezamos? | Idoia Campoy","description":"Puedes contactar conmigo a trav\u00e9s del correo electr\u00f3nico info@idoiacampoy.com. Estar\u00e9 encantada de responder a todas tus consultas.","robots":{"index":"index","follow":"follow","max-snippet":"max-snippet:-1","max-image-preview":"max-image-preview:large","max-video-preview":"max-video-preview:-1"},"canonical":"https:\/\/idoiacampoy.com\/en\/contacto\/","twitter_misc":{"Estimated reading time":"1 minute"},"schema":{"@context":"https:\/\/schema.org","@graph":[{"@type":"WebPage","@id":"https:\/\/idoiacampoy.com\/contacto\/","url":"https:\/\/idoiacampoy.com\/contacto\/","name":"\u00bfEmpezamos? | Idoia Campoy","isPartOf":{"@id":"https:\/\/lavender-goshawk-452515.hostingersite.com\/#website"},"primaryImageOfPage":{"@id":"https:\/\/idoiacampoy.com\/contacto\/#primaryimage"},"image":{"@id":"https:\/\/idoiacampoy.com\/contacto\/#primaryimage"},"thumbnailUrl":"https:\/\/idoiacampoy.com\/wp-content\/uploads\/cropped-141120-IC-FINAL-Idoia-Campoy.png","datePublished":"2014-12-15T12:39:04+00:00","dateModified":"2025-10-22T17:21:33+00:00","description":"Puedes contactar conmigo a trav\u00e9s del correo electr\u00f3nico info@idoiacampoy.com. Estar\u00e9 encantada de responder a todas tus consultas.","inLanguage":"en-GB","potentialAction":[{"@type":"ReadAction","target":["https:\/\/idoiacampoy.com\/contacto\/"]}]},{"@type":"ImageObject","inLanguage":"en-GB","@id":"https:\/\/idoiacampoy.com\/contacto\/#primaryimage","url":"https:\/\/idoiacampoy.com\/wp-content\/uploads\/cropped-141120-IC-FINAL-Idoia-Campoy.png","contentUrl":"https:\/\/idoiacampoy.com\/wp-content\/uploads\/cropped-141120-IC-FINAL-Idoia-Campoy.png","width":512,"height":512},{"@type":"WebSite","@id":"https:\/\/lavender-goshawk-452515.hostingersite.com\/#website","url":"https:\/\/lavender-goshawk-452515.hostingersite.com\/","name":"Idoia Campoy","description":"International Business Trainer and Coach","publisher":{"@id":"https:\/\/lavender-goshawk-452515.hostingersite.com\/#organization"},"potentialAction":[{"@type":"SearchAction","target":{"@type":"EntryPoint","urlTemplate":"https:\/\/lavender-goshawk-452515.hostingersite.com\/?s={search_term_string}"},"query-input":{"@type":"PropertyValueSpecification","valueRequired":true,"valueName":"search_term_string"}}],"inLanguage":"en-GB"},{"@type":"Organization","@id":"https:\/\/lavender-goshawk-452515.hostingersite.com\/#organization","name":"Idoia Campoy","url":"https:\/\/lavender-goshawk-452515.hostingersite.com\/","logo":{"@type":"ImageObject","inLanguage":"en-GB","@id":"https:\/\/lavender-goshawk-452515.hostingersite.com\/#\/schema\/logo\/image\/","url":"https:\/\/idoiacampoy.com\/wp-content\/uploads\/141120-IC-FINAL-Idoia-Campoy-e1754040002653.png","contentUrl":"https:\/\/idoiacampoy.com\/wp-content\/uploads\/141120-IC-FINAL-Idoia-Campoy-e1754040002653.png","width":347,"height":297,"caption":"Idoia Campoy"},"image":{"@id":"https:\/\/lavender-goshawk-452515.hostingersite.com\/#\/schema\/logo\/image\/"}}]}},"_links":{"self":[{"href":"https:\/\/idoiacampoy.com\/en\/wp-json\/wp\/v2\/pages\/19","targetHints":{"allow":["GET"]}}],"collection":[{"href":"https:\/\/idoiacampoy.com\/en\/wp-json\/wp\/v2\/pages"}],"about":[{"href":"https:\/\/idoiacampoy.com\/en\/wp-json\/wp\/v2\/types\/page"}],"author":[{"embeddable":true,"href":"https:\/\/idoiacampoy.com\/en\/wp-json\/wp\/v2\/users\/1"}],"replies":[{"embeddable":true,"href":"https:\/\/idoiacampoy.com\/en\/wp-json\/wp\/v2\/comments?post=19"}],"version-history":[{"count":42,"href":"https:\/\/idoiacampoy.com\/en\/wp-json\/wp\/v2\/pages\/19\/revisions"}],"predecessor-version":[{"id":1445,"href":"https:\/\/idoiacampoy.com\/en\/wp-json\/wp\/v2\/pages\/19\/revisions\/1445"}],"wp:featuredmedia":[{"embeddable":true,"href":"https:\/\/idoiacampoy.com\/en\/wp-json\/wp\/v2\/media\/1032"}],"wp:attachment":[{"href":"https:\/\/idoiacampoy.com\/en\/wp-json\/wp\/v2\/media?parent=19"}],"curies":[{"name":"wp","href":"https:\/\/api.w.org\/{rel}","templated":true}]}}