{"id":1595,"date":"2025-11-16T18:24:13","date_gmt":"2025-11-16T17:24:13","guid":{"rendered":"https:\/\/idoiacampoy.com\/?page_id=1595"},"modified":"2025-11-16T18:43:51","modified_gmt":"2025-11-16T17:43:51","slug":"blog","status":"publish","type":"page","link":"https:\/\/idoiacampoy.com\/en\/blog\/","title":{"rendered":"Blog"},"content":{"rendered":"<div data-elementor-type=\"wp-page\" data-elementor-id=\"1595\" class=\"elementor elementor-1595\" data-elementor-post-type=\"page\">\n\t\t\t\t<div class=\"elementor-element elementor-element-650710f e-flex e-con-boxed e-con e-parent\" data-id=\"650710f\" data-element_type=\"container\" data-e-type=\"container\" data-settings=\"{&quot;background_background&quot;:&quot;classic&quot;}\">\n\t\t\t\t\t<div class=\"e-con-inner\">\n\t\t\t\t<div class=\"elementor-element elementor-element-a9032d1 elementor-widget elementor-widget-heading\" data-id=\"a9032d1\" data-element_type=\"widget\" data-e-type=\"widget\" data-widget_type=\"heading.default\">\n\t\t\t\t\t<h2 class=\"elementor-heading-title elementor-size-default\">Latest news<\/h2>\t\t\t\t<\/div>\n\t\t\t\t\t<\/div>\n\t\t\t\t<\/div>\n\t\t<div class=\"elementor-element elementor-element-4c60097 e-flex e-con-boxed e-con e-parent\" data-id=\"4c60097\" data-element_type=\"container\" data-e-type=\"container\">\n\t\t\t\t\t<div class=\"e-con-inner\">\n\t\t\t\t<div class=\"elementor-element elementor-element-2e5cf52 elementor-grid-3 elementor-grid-tablet-2 elementor-grid-mobile-1 elementor-posts--thumbnail-top elementor-widget elementor-widget-posts\" data-id=\"2e5cf52\" data-element_type=\"widget\" data-e-type=\"widget\" data-settings=\"{&quot;pagination_type&quot;:&quot;numbers&quot;,&quot;classic_columns&quot;:&quot;3&quot;,&quot;classic_columns_tablet&quot;:&quot;2&quot;,&quot;classic_columns_mobile&quot;:&quot;1&quot;,&quot;classic_row_gap&quot;:{&quot;unit&quot;:&quot;px&quot;,&quot;size&quot;:35,&quot;sizes&quot;:[]},&quot;classic_row_gap_tablet&quot;:{&quot;unit&quot;:&quot;px&quot;,&quot;size&quot;:&quot;&quot;,&quot;sizes&quot;:[]},&quot;classic_row_gap_mobile&quot;:{&quot;unit&quot;:&quot;px&quot;,&quot;size&quot;:&quot;&quot;,&quot;sizes&quot;:[]}}\" data-widget_type=\"posts.classic\">\n\t\t\t\t<div class=\"elementor-widget-container\">\n\t\t\t\t\t\t\t<div class=\"elementor-posts-container elementor-posts elementor-posts--skin-classic elementor-grid\" role=\"list\">\n\t\t\t\t<article class=\"elementor-post elementor-grid-item post-1549 post type-post status-publish format-standard has-post-thumbnail hentry category-coaching-2 tag-business-trainer tag-coaching-vital tag-liderazgo tag-marca-personal tag-salud-mental tag-vital-coaching\" role=\"listitem\">\n\t\t\t\t<a class=\"elementor-post__thumbnail__link\" href=\"https:\/\/idoiacampoy.com\/en\/parar-para-avanzar\/\" tabindex=\"-1\" >\n\t\t\t<div class=\"elementor-post__thumbnail\"><img fetchpriority=\"high\" decoding=\"async\" width=\"1920\" height=\"1080\" src=\"https:\/\/idoiacampoy.com\/wp-content\/uploads\/Portada_english.png\" class=\"attachment-medium size-medium wp-image-1563\" alt=\"\" srcset=\"https:\/\/idoiacampoy.com\/wp-content\/uploads\/Portada_english.png 1920w, https:\/\/idoiacampoy.com\/wp-content\/uploads\/Portada_english-1030x579.png 1030w, https:\/\/idoiacampoy.com\/wp-content\/uploads\/Portada_english-80x45.png 80w, https:\/\/idoiacampoy.com\/wp-content\/uploads\/Portada_english-768x432.png 768w\" sizes=\"(max-width: 1920px) 100vw, 1920px\" \/><\/div>\n\t\t<\/a>\n\t\t\t\t<div class=\"elementor-post__text\">\n\t\t\t\t<h3 class=\"elementor-post__title\">\n\t\t\t<a href=\"https:\/\/idoiacampoy.com\/en\/parar-para-avanzar\/\" >\n\t\t\t\tPause to progress\t\t\t<\/a>\n\t\t<\/h3>\n\t\t\t\t<div class=\"elementor-post__meta-data\">\n\t\t\t\t\t<span class=\"elementor-post-date\">\n\t\t\t16\/11\/2025\t\t<\/span>\n\t\t\t\t<span class=\"elementor-post-avatar\">\n\t\t\tNo Comments\t\t<\/span>\n\t\t\t\t<\/div>\n\t\t\t\t<div class=\"elementor-post__excerpt\">\n\t\t\t<p>Parar no es rendirse. Es el primer paso para volver a ponerte en pie. &nbsp; Como canta la gran Vanesa<\/p>\n\t\t<\/div>\n\t\t\n\t\t<a class=\"elementor-post__read-more\" href=\"https:\/\/idoiacampoy.com\/en\/parar-para-avanzar\/\" aria-label=\"Read more about Parar para avanzar\" tabindex=\"-1\" >\n\t\t\tRead more \u00bb\t\t<\/a>\n\n\t\t\t\t<\/div>\n\t\t\t\t<\/article>\n\t\t\t\t<article class=\"elementor-post elementor-grid-item post-959 post type-post status-publish format-standard has-post-thumbnail hentry category-coaching tag-business-trainer tag-coaching tag-coaching-de-negocios tag-coaching-vital tag-creatividad tag-estrategia-de-negocio tag-marca-personal tag-negocios tag-pnl\" role=\"listitem\">\n\t\t\t\t<a class=\"elementor-post__thumbnail__link\" href=\"https:\/\/idoiacampoy.com\/en\/top-coaching-2020\/\" tabindex=\"-1\" >\n\t\t\t<div class=\"elementor-post__thumbnail\"><img decoding=\"async\" width=\"2560\" height=\"1407\" src=\"https:\/\/idoiacampoy.com\/wp-content\/uploads\/Top-Coaching-scaled.png\" class=\"attachment-medium size-medium wp-image-1542\" alt=\"\" srcset=\"https:\/\/idoiacampoy.com\/wp-content\/uploads\/Top-Coaching-scaled.png 2560w, https:\/\/idoiacampoy.com\/wp-content\/uploads\/Top-Coaching-1030x566.png 1030w, https:\/\/idoiacampoy.com\/wp-content\/uploads\/Top-Coaching-80x44.png 80w, https:\/\/idoiacampoy.com\/wp-content\/uploads\/Top-Coaching-768x422.png 768w, https:\/\/idoiacampoy.com\/wp-content\/uploads\/Top-Coaching-1536x844.png 1536w, https:\/\/idoiacampoy.com\/wp-content\/uploads\/Top-Coaching-2048x1126.png 2048w, https:\/\/idoiacampoy.com\/wp-content\/uploads\/Top-Coaching-18x10.png 18w\" sizes=\"(max-width: 2560px) 100vw, 2560px\" \/><\/div>\n\t\t<\/a>\n\t\t\t\t<div class=\"elementor-post__text\">\n\t\t\t\t<h3 class=\"elementor-post__title\">\n\t\t\t<a href=\"https:\/\/idoiacampoy.com\/en\/top-coaching-2020\/\" >\n\t\t\t\tTop Coaching 2020\t\t\t<\/a>\n\t\t<\/h3>\n\t\t\t\t<div class=\"elementor-post__meta-data\">\n\t\t\t\t\t<span class=\"elementor-post-date\">\n\t\t\t18\/11\/2020\t\t<\/span>\n\t\t\t\t<span class=\"elementor-post-avatar\">\n\t\t\tNo Comments\t\t<\/span>\n\t\t\t\t<\/div>\n\t\t\t\t<div class=\"elementor-post__excerpt\">\n\t\t\t<p>Selected as one of the best coaching professionals in 2020 by the newspaper  larazon.es  \nhttps:\/\/www.larazon.es\/sociedad\/20200713\/mxjrtaxb7zcwtlwgpuo3twcuim.html<\/p>\n\t\t<\/div>\n\t\t\n\t\t<a class=\"elementor-post__read-more\" href=\"https:\/\/idoiacampoy.com\/en\/top-coaching-2020\/\" aria-label=\"Read more about Top Coaching 2020\" tabindex=\"-1\" >\n\t\t\tRead more \u00bb\t\t<\/a>\n\n\t\t\t\t<\/div>\n\t\t\t\t<\/article>\n\t\t\t\t<article class=\"elementor-post elementor-grid-item post-794 post type-post status-publish format-standard has-post-thumbnail hentry category-coaching tag-coaching tag-coaching-vital tag-cumple-tus-suenos tag-esencia tag-gracias tag-magia tag-negocios tag-valor tag-vida tag-vital\" role=\"listitem\">\n\t\t\t\t<a class=\"elementor-post__thumbnail__link\" href=\"https:\/\/idoiacampoy.com\/en\/gracias-por-creer-en-la-magia-y-hacerla-posible\/\" tabindex=\"-1\" >\n\t\t\t<div class=\"elementor-post__thumbnail\"><img decoding=\"async\" width=\"1280\" height=\"720\" src=\"https:\/\/idoiacampoy.com\/wp-content\/uploads\/Gracias-por-creer-en-la-magia-y-hacerla-posible-5.png\" class=\"attachment-medium size-medium wp-image-801\" alt=\"\" srcset=\"https:\/\/idoiacampoy.com\/wp-content\/uploads\/Gracias-por-creer-en-la-magia-y-hacerla-posible-5.png 1280w, https:\/\/idoiacampoy.com\/wp-content\/uploads\/Gracias-por-creer-en-la-magia-y-hacerla-posible-5-768x432.png 768w, https:\/\/idoiacampoy.com\/wp-content\/uploads\/Gracias-por-creer-en-la-magia-y-hacerla-posible-5-705x397.png 705w, https:\/\/idoiacampoy.com\/wp-content\/uploads\/Gracias-por-creer-en-la-magia-y-hacerla-posible-5-450x253.png 450w\" sizes=\"(max-width: 1280px) 100vw, 1280px\" \/><\/div>\n\t\t<\/a>\n\t\t\t\t<div class=\"elementor-post__text\">\n\t\t\t\t<h3 class=\"elementor-post__title\">\n\t\t\t<a href=\"https:\/\/idoiacampoy.com\/en\/gracias-por-creer-en-la-magia-y-hacerla-posible\/\" >\n\t\t\t\tThank you for believing in magic and making it possible.\t\t\t<\/a>\n\t\t<\/h3>\n\t\t\t\t<div class=\"elementor-post__meta-data\">\n\t\t\t\t\t<span class=\"elementor-post-date\">\n\t\t\t01\/06\/2020\t\t<\/span>\n\t\t\t\t<span class=\"elementor-post-avatar\">\n\t\t\t9 Comments\t\t<\/span>\n\t\t\t\t<\/div>\n\t\t\t\t<div class=\"elementor-post__excerpt\">\n\t\t\t<p>&nbsp; Me gustar\u00eda dedicar este post a todas aquellas personas que, como t\u00fa, hab\u00e9is pasado el confinamiento trabajando en vuestra<\/p>\n\t\t<\/div>\n\t\t\n\t\t<a class=\"elementor-post__read-more\" href=\"https:\/\/idoiacampoy.com\/en\/gracias-por-creer-en-la-magia-y-hacerla-posible\/\" aria-label=\"Read more about Gracias por creer en la magia y hacerla posible\" tabindex=\"-1\" >\n\t\t\tRead more \u00bb\t\t<\/a>\n\n\t\t\t\t<\/div>\n\t\t\t\t<\/article>\n\t\t\t\t<article class=\"elementor-post elementor-grid-item post-777 post type-post status-publish format-standard has-post-thumbnail hentry category-coaching-2 category-en-en tag-business tag-coaching tag-life tag-make-your-dreams-come-true tag-vital-coaching\" role=\"listitem\">\n\t\t\t\t<a class=\"elementor-post__thumbnail__link\" href=\"https:\/\/idoiacampoy.com\/en\/a-single-step-is-what-makes-the-difference\/\" tabindex=\"-1\" >\n\t\t\t<div class=\"elementor-post__thumbnail\"><img loading=\"lazy\" decoding=\"async\" width=\"920\" height=\"1280\" src=\"https:\/\/idoiacampoy.com\/wp-content\/uploads\/A-SINGLE-STEP-IS-WHAT-MAKES-THE-DIFFERENCE.jpg\" class=\"attachment-medium size-medium wp-image-778\" alt=\"\" srcset=\"https:\/\/idoiacampoy.com\/wp-content\/uploads\/A-SINGLE-STEP-IS-WHAT-MAKES-THE-DIFFERENCE.jpg 920w, https:\/\/idoiacampoy.com\/wp-content\/uploads\/A-SINGLE-STEP-IS-WHAT-MAKES-THE-DIFFERENCE-768x1069.jpg 768w, https:\/\/idoiacampoy.com\/wp-content\/uploads\/A-SINGLE-STEP-IS-WHAT-MAKES-THE-DIFFERENCE-507x705.jpg 507w, https:\/\/idoiacampoy.com\/wp-content\/uploads\/A-SINGLE-STEP-IS-WHAT-MAKES-THE-DIFFERENCE-450x626.jpg 450w\" sizes=\"(max-width: 920px) 100vw, 920px\" \/><\/div>\n\t\t<\/a>\n\t\t\t\t<div class=\"elementor-post__text\">\n\t\t\t\t<h3 class=\"elementor-post__title\">\n\t\t\t<a href=\"https:\/\/idoiacampoy.com\/en\/a-single-step-is-what-makes-the-difference\/\" >\n\t\t\t\tA single step is what makes the difference\t\t\t<\/a>\n\t\t<\/h3>\n\t\t\t\t<div class=\"elementor-post__meta-data\">\n\t\t\t\t\t<span class=\"elementor-post-date\">\n\t\t\t23\/01\/2020\t\t<\/span>\n\t\t\t\t<span class=\"elementor-post-avatar\">\n\t\t\tNo Comments\t\t<\/span>\n\t\t\t\t<\/div>\n\t\t\t\t<div class=\"elementor-post__excerpt\">\n\t\t\t<p>A single step is what makes the difference &#8230; the difference between having a dream and making it come true,<\/p>\n\t\t<\/div>\n\t\t\n\t\t<a class=\"elementor-post__read-more\" href=\"https:\/\/idoiacampoy.com\/en\/a-single-step-is-what-makes-the-difference\/\" aria-label=\"Read more about A single step is what makes the difference\" tabindex=\"-1\" >\n\t\t\tRead more \u00bb\t\t<\/a>\n\n\t\t\t\t<\/div>\n\t\t\t\t<\/article>\n\t\t\t\t<article class=\"elementor-post elementor-grid-item post-767 post type-post status-publish format-standard has-post-thumbnail hentry category-coaching tag-coaching tag-coaching-vital tag-cumple-tus-suenos tag-negocios tag-vida tag-vital\" role=\"listitem\">\n\t\t\t\t<a class=\"elementor-post__thumbnail__link\" href=\"https:\/\/idoiacampoy.com\/en\/un-solo-paso-es-lo-que-marca-la-diferencia\/\" tabindex=\"-1\" >\n\t\t\t<div class=\"elementor-post__thumbnail\"><img loading=\"lazy\" decoding=\"async\" width=\"2048\" height=\"1152\" src=\"https:\/\/idoiacampoy.com\/wp-content\/uploads\/Un-solo-paso-es-lo-que-marca-la-diferencia.png\" class=\"attachment-medium size-medium wp-image-1544\" alt=\"\" srcset=\"https:\/\/idoiacampoy.com\/wp-content\/uploads\/Un-solo-paso-es-lo-que-marca-la-diferencia.png 2048w, https:\/\/idoiacampoy.com\/wp-content\/uploads\/Un-solo-paso-es-lo-que-marca-la-diferencia-1030x579.png 1030w, https:\/\/idoiacampoy.com\/wp-content\/uploads\/Un-solo-paso-es-lo-que-marca-la-diferencia-80x45.png 80w, https:\/\/idoiacampoy.com\/wp-content\/uploads\/Un-solo-paso-es-lo-que-marca-la-diferencia-768x432.png 768w, https:\/\/idoiacampoy.com\/wp-content\/uploads\/Un-solo-paso-es-lo-que-marca-la-diferencia-1536x864.png 1536w, https:\/\/idoiacampoy.com\/wp-content\/uploads\/Un-solo-paso-es-lo-que-marca-la-diferencia-18x10.png 18w\" sizes=\"(max-width: 2048px) 100vw, 2048px\" \/><\/div>\n\t\t<\/a>\n\t\t\t\t<div class=\"elementor-post__text\">\n\t\t\t\t<h3 class=\"elementor-post__title\">\n\t\t\t<a href=\"https:\/\/idoiacampoy.com\/en\/un-solo-paso-es-lo-que-marca-la-diferencia\/\" >\n\t\t\t\tUn solo paso es lo que marca la diferencia\t\t\t<\/a>\n\t\t<\/h3>\n\t\t\t\t<div class=\"elementor-post__meta-data\">\n\t\t\t\t\t<span class=\"elementor-post-date\">\n\t\t\t23\/01\/2020\t\t<\/span>\n\t\t\t\t<span class=\"elementor-post-avatar\">\n\t\t\t14 Comments\t\t<\/span>\n\t\t\t\t<\/div>\n\t\t\t\t<div class=\"elementor-post__excerpt\">\n\t\t\t<p>&nbsp; Un solo paso es lo que marca la diferencia\u2026 la diferencia entre tener un sue\u00f1o y hacerlo realidad, la<\/p>\n\t\t<\/div>\n\t\t\n\t\t<a class=\"elementor-post__read-more\" href=\"https:\/\/idoiacampoy.com\/en\/un-solo-paso-es-lo-que-marca-la-diferencia\/\" aria-label=\"Read more about Un solo paso es lo que marca la diferencia\" tabindex=\"-1\" >\n\t\t\tRead more \u00bb\t\t<\/a>\n\n\t\t\t\t<\/div>\n\t\t\t\t<\/article>\n\t\t\t\t<\/div>\n\t\t\n\t\t\t\t\t\t<\/div>\n\t\t\t\t<\/div>\n\t\t\t\t\t<\/div>\n\t\t\t\t<\/div>\n\t\t\t\t<\/div>","protected":false},"excerpt":{"rendered":"<p>Latest news<\/p>","protected":false},"author":1,"featured_media":0,"parent":0,"menu_order":0,"comment_status":"closed","ping_status":"closed","template":"elementor_header_footer","meta":{"site-sidebar-layout":"no-sidebar","site-content-layout":"","ast-site-content-layout":"full-width-container","site-content-style":"default","site-sidebar-style":"default","ast-global-header-display":"","ast-banner-title-visibility":"","ast-main-header-display":"","ast-hfb-above-header-display":"","ast-hfb-below-header-display":"","ast-hfb-mobile-header-display":"","site-post-title":"","ast-breadcrumbs-content":"","ast-featured-img":"disabled","footer-sml-layout":"","ast-disable-related-posts":"","theme-transparent-header-meta":"","adv-header-id-meta":"","stick-header-meta":"","header-above-stick-meta":"","header-main-stick-meta":"","header-below-stick-meta":"","astra-migrate-meta-layouts":"default","ast-page-background-enabled":"default","ast-page-background-meta":{"desktop":{"background-color":"var(--ast-global-color-5)","background-image":"","background-repeat":"repeat","background-position":"center center","background-size":"auto","background-attachment":"scroll","background-type":"","background-media":"","overlay-type":"","overlay-color":"","overlay-opacity":"","overlay-gradient":""},"tablet":{"background-color":"","background-image":"","background-repeat":"repeat","background-position":"center center","background-size":"auto","background-attachment":"scroll","background-type":"","background-media":"","overlay-type":"","overlay-color":"","overlay-opacity":"","overlay-gradient":""},"mobile":{"background-color":"","background-image":"","background-repeat":"repeat","background-position":"center center","background-size":"auto","background-attachment":"scroll","background-type":"","background-media":"","overlay-type":"","overlay-color":"","overlay-opacity":"","overlay-gradient":""}},"ast-content-background-meta":{"desktop":{"background-color":"var(--ast-global-color-4)","background-image":"","background-repeat":"repeat","background-position":"center center","background-size":"auto","background-attachment":"scroll","background-type":"","background-media":"","overlay-type":"","overlay-color":"","overlay-opacity":"","overlay-gradient":""},"tablet":{"background-color":"var(--ast-global-color-4)","background-image":"","background-repeat":"repeat","background-position":"center center","background-size":"auto","background-attachment":"scroll","background-type":"","background-media":"","overlay-type":"","overlay-color":"","overlay-opacity":"","overlay-gradient":""},"mobile":{"background-color":"var(--ast-global-color-4)","background-image":"","background-repeat":"repeat","background-position":"center center","background-size":"auto","background-attachment":"scroll","background-type":"","background-media":"","overlay-type":"","overlay-color":"","overlay-opacity":"","overlay-gradient":""}},"footnotes":""},"class_list":["post-1595","page","type-page","status-publish","hentry"],"yoast_head":"<!-- This site is optimized with the Yoast SEO plugin v27.2 - https:\/\/yoast.com\/product\/yoast-seo-wordpress\/ -->\n<title>Blog | Idoia Campoy<\/title>\n<meta name=\"robots\" content=\"index, follow, max-snippet:-1, max-image-preview:large, max-video-preview:-1\" \/>\n<link rel=\"canonical\" href=\"https:\/\/idoiacampoy.com\/en\/blog\/\" \/>\n<meta name=\"twitter:label1\" content=\"Estimated reading time\" \/>\n\t<meta name=\"twitter:data1\" content=\"4 minutes\" \/>\n<script type=\"application\/ld+json\" class=\"yoast-schema-graph\">{\"@context\":\"https:\/\/schema.org\",\"@graph\":[{\"@type\":\"WebPage\",\"@id\":\"https:\/\/idoiacampoy.com\/blog\/\",\"url\":\"https:\/\/idoiacampoy.com\/blog\/\",\"name\":\"Blog | Idoia Campoy\",\"isPartOf\":{\"@id\":\"https:\/\/lavender-goshawk-452515.hostingersite.com\/#website\"},\"datePublished\":\"2025-11-16T17:24:13+00:00\",\"dateModified\":\"2025-11-16T17:43:51+00:00\",\"inLanguage\":\"en-GB\",\"potentialAction\":[{\"@type\":\"ReadAction\",\"target\":[\"https:\/\/idoiacampoy.com\/blog\/\"]}]},{\"@type\":\"WebSite\",\"@id\":\"https:\/\/lavender-goshawk-452515.hostingersite.com\/#website\",\"url\":\"https:\/\/lavender-goshawk-452515.hostingersite.com\/\",\"name\":\"Idoia Campoy\",\"description\":\"International Business Trainer and Coach\",\"publisher\":{\"@id\":\"https:\/\/lavender-goshawk-452515.hostingersite.com\/#organization\"},\"potentialAction\":[{\"@type\":\"SearchAction\",\"target\":{\"@type\":\"EntryPoint\",\"urlTemplate\":\"https:\/\/lavender-goshawk-452515.hostingersite.com\/?s={search_term_string}\"},\"query-input\":{\"@type\":\"PropertyValueSpecification\",\"valueRequired\":true,\"valueName\":\"search_term_string\"}}],\"inLanguage\":\"en-GB\"},{\"@type\":\"Organization\",\"@id\":\"https:\/\/lavender-goshawk-452515.hostingersite.com\/#organization\",\"name\":\"Idoia Campoy\",\"url\":\"https:\/\/lavender-goshawk-452515.hostingersite.com\/\",\"logo\":{\"@type\":\"ImageObject\",\"inLanguage\":\"en-GB\",\"@id\":\"https:\/\/lavender-goshawk-452515.hostingersite.com\/#\/schema\/logo\/image\/\",\"url\":\"https:\/\/idoiacampoy.com\/wp-content\/uploads\/141120-IC-FINAL-Idoia-Campoy-e1754040002653.png\",\"contentUrl\":\"https:\/\/idoiacampoy.com\/wp-content\/uploads\/141120-IC-FINAL-Idoia-Campoy-e1754040002653.png\",\"width\":347,\"height\":297,\"caption\":\"Idoia Campoy\"},\"image\":{\"@id\":\"https:\/\/lavender-goshawk-452515.hostingersite.com\/#\/schema\/logo\/image\/\"}}]}<\/script>\n<!-- \/ Yoast SEO plugin. -->","yoast_head_json":{"title":"Blog | Idoia Campoy","robots":{"index":"index","follow":"follow","max-snippet":"max-snippet:-1","max-image-preview":"max-image-preview:large","max-video-preview":"max-video-preview:-1"},"canonical":"https:\/\/idoiacampoy.com\/en\/blog\/","twitter_misc":{"Estimated reading time":"4 minutes"},"schema":{"@context":"https:\/\/schema.org","@graph":[{"@type":"WebPage","@id":"https:\/\/idoiacampoy.com\/blog\/","url":"https:\/\/idoiacampoy.com\/blog\/","name":"Blog | Idoia Campoy","isPartOf":{"@id":"https:\/\/lavender-goshawk-452515.hostingersite.com\/#website"},"datePublished":"2025-11-16T17:24:13+00:00","dateModified":"2025-11-16T17:43:51+00:00","inLanguage":"en-GB","potentialAction":[{"@type":"ReadAction","target":["https:\/\/idoiacampoy.com\/blog\/"]}]},{"@type":"WebSite","@id":"https:\/\/lavender-goshawk-452515.hostingersite.com\/#website","url":"https:\/\/lavender-goshawk-452515.hostingersite.com\/","name":"Idoia Campoy","description":"International Business Trainer and Coach","publisher":{"@id":"https:\/\/lavender-goshawk-452515.hostingersite.com\/#organization"},"potentialAction":[{"@type":"SearchAction","target":{"@type":"EntryPoint","urlTemplate":"https:\/\/lavender-goshawk-452515.hostingersite.com\/?s={search_term_string}"},"query-input":{"@type":"PropertyValueSpecification","valueRequired":true,"valueName":"search_term_string"}}],"inLanguage":"en-GB"},{"@type":"Organization","@id":"https:\/\/lavender-goshawk-452515.hostingersite.com\/#organization","name":"Idoia Campoy","url":"https:\/\/lavender-goshawk-452515.hostingersite.com\/","logo":{"@type":"ImageObject","inLanguage":"en-GB","@id":"https:\/\/lavender-goshawk-452515.hostingersite.com\/#\/schema\/logo\/image\/","url":"https:\/\/idoiacampoy.com\/wp-content\/uploads\/141120-IC-FINAL-Idoia-Campoy-e1754040002653.png","contentUrl":"https:\/\/idoiacampoy.com\/wp-content\/uploads\/141120-IC-FINAL-Idoia-Campoy-e1754040002653.png","width":347,"height":297,"caption":"Idoia Campoy"},"image":{"@id":"https:\/\/lavender-goshawk-452515.hostingersite.com\/#\/schema\/logo\/image\/"}}]}},"_links":{"self":[{"href":"https:\/\/idoiacampoy.com\/en\/wp-json\/wp\/v2\/pages\/1595","targetHints":{"allow":["GET"]}}],"collection":[{"href":"https:\/\/idoiacampoy.com\/en\/wp-json\/wp\/v2\/pages"}],"about":[{"href":"https:\/\/idoiacampoy.com\/en\/wp-json\/wp\/v2\/types\/page"}],"author":[{"embeddable":true,"href":"https:\/\/idoiacampoy.com\/en\/wp-json\/wp\/v2\/users\/1"}],"replies":[{"embeddable":true,"href":"https:\/\/idoiacampoy.com\/en\/wp-json\/wp\/v2\/comments?post=1595"}],"version-history":[{"count":10,"href":"https:\/\/idoiacampoy.com\/en\/wp-json\/wp\/v2\/pages\/1595\/revisions"}],"predecessor-version":[{"id":1615,"href":"https:\/\/idoiacampoy.com\/en\/wp-json\/wp\/v2\/pages\/1595\/revisions\/1615"}],"wp:attachment":[{"href":"https:\/\/idoiacampoy.com\/en\/wp-json\/wp\/v2\/media?parent=1595"}],"curies":[{"name":"wp","href":"https:\/\/api.w.org\/{rel}","templated":true}]}}